{"id":75,"date":"2019-04-09T18:15:14","date_gmt":"2019-04-09T18:15:14","guid":{"rendered":"https:\/\/unisigma.fi\/?page_id=75"},"modified":"2019-07-03T05:28:16","modified_gmt":"2019-07-03T02:28:16","slug":"yhteystiedot","status":"publish","type":"page","link":"https:\/\/unisigma.fi\/en\/yhteystiedot\/","title":{"rendered":"Contact"},"content":{"rendered":"<div data-elementor-type=\"wp-post\" data-elementor-id=\"75\" class=\"elementor elementor-75\">\n\t\t\t\t\t\t<section class=\"elementor-section elementor-top-section elementor-element elementor-element-90ff3af elementor-section-boxed elementor-section-height-default elementor-section-height-default\" data-id=\"90ff3af\" data-element_type=\"section\" data-e-type=\"section\">\n\t\t\t\t\t\t<div class=\"elementor-container elementor-column-gap-default\">\n\t\t\t\t\t<div class=\"elementor-column elementor-col-33 elementor-top-column elementor-element elementor-element-693fcdd\" data-id=\"693fcdd\" data-element_type=\"column\" data-e-type=\"column\">\n\t\t\t<div class=\"elementor-widget-wrap elementor-element-populated\">\n\t\t\t\t\t\t<div class=\"elementor-element elementor-element-71fb88a elementor-widget elementor-widget-image\" data-id=\"71fb88a\" data-element_type=\"widget\" data-e-type=\"widget\" data-widget_type=\"image.default\">\n\t\t\t\t<div class=\"elementor-widget-container\">\n\t\t\t\t\t\t\t\t\t\t\t\t\t\t\t<img decoding=\"async\" src=\"https:\/\/unisigma.fi\/wp-content\/uploads\/2019\/06\/www_Ty\u00f6ss\u00e4_3_pieni.jpg\" title=\"www_Ty\u00f6ss\u00e4_3_pieni\" alt=\"www_Ty\u00f6ss\u00e4_3_pieni\" loading=\"lazy\" \/>\t\t\t\t\t\t\t\t\t\t\t\t\t\t\t<\/div>\n\t\t\t\t<\/div>\n\t\t\t\t\t<\/div>\n\t\t<\/div>\n\t\t\t\t<div class=\"elementor-column elementor-col-33 elementor-top-column elementor-element elementor-element-ee2231e\" data-id=\"ee2231e\" data-element_type=\"column\" data-e-type=\"column\">\n\t\t\t<div class=\"elementor-widget-wrap elementor-element-populated\">\n\t\t\t\t\t\t<div class=\"elementor-element elementor-element-eef81d7 elementor-widget elementor-widget-text-editor\" data-id=\"eef81d7\" data-element_type=\"widget\" data-e-type=\"widget\" data-widget_type=\"text-editor.default\">\n\t\t\t\t<div class=\"elementor-widget-container\">\n\t\t\t\t\t\t\t\t\t<h2 style=\"padding-left: 40px;\">Osoite:<\/h2><p style=\"padding-left: 40px;\">UniSigma Oy<br \/>Etel\u00e4katu 12<br \/>26100 RAUMA<\/p><h2 style=\"padding-left: 40px;\">S\u00e4hk\u00f6posti:<\/h2><p style=\"padding-left: 40px;\">contact(at)unisigma.fi<\/p><h2 style=\"padding-left: 40px;\">Puhelin:<\/h2><p style=\"padding-left: 40px;\">Vesa J\u00e4rvinen \u00a0\u00a0 040 547 6562<\/p>\t\t\t\t\t\t\t\t<\/div>\n\t\t\t\t<\/div>\n\t\t\t\t\t<\/div>\n\t\t<\/div>\n\t\t\t\t<div class=\"elementor-column elementor-col-33 elementor-top-column elementor-element elementor-element-8ec26c0\" data-id=\"8ec26c0\" data-element_type=\"column\" data-e-type=\"column\">\n\t\t\t<div class=\"elementor-widget-wrap elementor-element-populated\">\n\t\t\t\t\t\t<div class=\"elementor-element elementor-element-9bb6741 elementor-button-info elementor-align-center elementor-widget elementor-widget-button\" data-id=\"9bb6741\" data-element_type=\"widget\" data-e-type=\"widget\" data-widget_type=\"button.default\">\n\t\t\t\t<div class=\"elementor-widget-container\">\n\t\t\t\t\t\t\t\t\t<div class=\"elementor-button-wrapper\">\n\t\t\t\t\t<a class=\"elementor-button elementor-button-link elementor-size-lg\" href=\"mailto:%20contact@unisigma.fi\" target=\"_blank\">\n\t\t\t\t\t\t<span class=\"elementor-button-content-wrapper\">\n\t\t\t\t\t\t<span class=\"elementor-button-icon\">\n\t\t\t\t\t\t\t\t\t<i class=\"fa fa-send\" aria-hidden=\"true\"><\/i>\n\t\t\t\t\t\t\t<\/span>\n\t\t\t\t\t\t\t\t\t<span class=\"elementor-button-text\">L\u00e4het\u00e4 s\u00e4hk\u00f6postia<\/span>\n\t\t\t\t\t<\/span>\n\t\t\t\t\t<\/a>\n\t\t\t\t<\/div>\n\t\t\t\t\t\t\t\t<\/div>\n\t\t\t\t<\/div>\n\t\t\t\t\t<\/div>\n\t\t<\/div>\n\t\t\t\t\t<\/div>\n\t\t<\/section>\n\t\t\t\t<section class=\"elementor-section elementor-top-section elementor-element elementor-element-83f3670 elementor-section-boxed elementor-section-height-default elementor-section-height-default\" data-id=\"83f3670\" data-element_type=\"section\" data-e-type=\"section\">\n\t\t\t\t\t\t<div class=\"elementor-container elementor-column-gap-default\">\n\t\t\t\t\t<div class=\"elementor-column elementor-col-50 elementor-top-column elementor-element elementor-element-619aea5\" data-id=\"619aea5\" data-element_type=\"column\" data-e-type=\"column\">\n\t\t\t<div class=\"elementor-widget-wrap\">\n\t\t\t\t\t\t\t<\/div>\n\t\t<\/div>\n\t\t\t\t<div class=\"elementor-column elementor-col-50 elementor-top-column elementor-element elementor-element-36ec4f5\" data-id=\"36ec4f5\" data-element_type=\"column\" data-e-type=\"column\">\n\t\t\t<div class=\"elementor-widget-wrap elementor-element-populated\">\n\t\t\t\t\t\t<div class=\"elementor-element elementor-element-172e080 elementor-widget elementor-widget-spacer\" data-id=\"172e080\" data-element_type=\"widget\" data-e-type=\"widget\" data-widget_type=\"spacer.default\">\n\t\t\t\t<div class=\"elementor-widget-container\">\n\t\t\t\t\t\t\t<div class=\"elementor-spacer\">\n\t\t\t<div class=\"elementor-spacer-inner\"><\/div>\n\t\t<\/div>\n\t\t\t\t\t\t<\/div>\n\t\t\t\t<\/div>\n\t\t\t\t\t<\/div>\n\t\t<\/div>\n\t\t\t\t\t<\/div>\n\t\t<\/section>\n\t\t\t\t<\/div>","protected":false},"excerpt":{"rendered":"<p>Osoite: UniSigma OyEtel\u00e4katu 1226100 RAUMA S\u00e4hk\u00f6posti: contact(at)unisigma.fi Puhelin: Vesa J\u00e4rvinen \u00a0\u00a0 040 547 6562 L\u00e4het\u00e4 s\u00e4hk\u00f6postia<\/p>","protected":false},"author":2,"featured_media":0,"parent":0,"menu_order":0,"comment_status":"closed","ping_status":"closed","template":"","meta":{"footnotes":""},"class_list":["post-75","page","type-page","status-publish","hentry"],"_links":{"self":[{"href":"https:\/\/unisigma.fi\/en\/wp-json\/wp\/v2\/pages\/75","targetHints":{"allow":["GET"]}}],"collection":[{"href":"https:\/\/unisigma.fi\/en\/wp-json\/wp\/v2\/pages"}],"about":[{"href":"https:\/\/unisigma.fi\/en\/wp-json\/wp\/v2\/types\/page"}],"author":[{"embeddable":true,"href":"https:\/\/unisigma.fi\/en\/wp-json\/wp\/v2\/users\/2"}],"replies":[{"embeddable":true,"href":"https:\/\/unisigma.fi\/en\/wp-json\/wp\/v2\/comments?post=75"}],"version-history":[{"count":10,"href":"https:\/\/unisigma.fi\/en\/wp-json\/wp\/v2\/pages\/75\/revisions"}],"predecessor-version":[{"id":545,"href":"https:\/\/unisigma.fi\/en\/wp-json\/wp\/v2\/pages\/75\/revisions\/545"}],"wp:attachment":[{"href":"https:\/\/unisigma.fi\/en\/wp-json\/wp\/v2\/media?parent=75"}],"curies":[{"name":"wp","href":"https:\/\/api.w.org\/{rel}","templated":true}]}}