{"id":246,"date":"2019-05-07T13:41:04","date_gmt":"2019-05-07T13:41:04","guid":{"rendered":"https:\/\/unisigma.fi\/?page_id=246"},"modified":"2019-07-03T06:52:51","modified_gmt":"2019-07-03T03:52:51","slug":"mita-tarjoamme","status":"publish","type":"page","link":"https:\/\/unisigma.fi\/en\/mita-tarjoamme\/","title":{"rendered":"What we offer?"},"content":{"rendered":"<div data-elementor-type=\"wp-post\" data-elementor-id=\"246\" class=\"elementor elementor-246\">\n\t\t\t\t\t\t<section class=\"elementor-section elementor-top-section elementor-element elementor-element-3023611 elementor-section-boxed elementor-section-height-default elementor-section-height-default\" data-id=\"3023611\" data-element_type=\"section\" data-e-type=\"section\">\n\t\t\t\t\t\t<div class=\"elementor-container elementor-column-gap-default\">\n\t\t\t\t\t<div class=\"elementor-column elementor-col-50 elementor-top-column elementor-element elementor-element-e2f5987\" data-id=\"e2f5987\" data-element_type=\"column\" data-e-type=\"column\">\n\t\t\t<div class=\"elementor-widget-wrap elementor-element-populated\">\n\t\t\t\t\t\t<div class=\"elementor-element elementor-element-3c719b9 elementor-widget elementor-widget-image\" data-id=\"3c719b9\" data-element_type=\"widget\" data-e-type=\"widget\" data-widget_type=\"image.default\">\n\t\t\t\t<div class=\"elementor-widget-container\">\n\t\t\t\t\t\t\t\t\t\t\t\t\t\t\t\t<a href=\"https:\/\/unisigma.fi\/wp-content\/uploads\/2019\/06\/Kartta.png\" data-elementor-open-lightbox=\"yes\" data-elementor-lightbox-title=\"Kartta\" data-e-action-hash=\"#elementor-action%3Aaction%3Dlightbox%26settings%3DeyJpZCI6NDIxLCJ1cmwiOiJodHRwczpcL1wvdW5pc2lnbWEuZmlcL3dwLWNvbnRlbnRcL3VwbG9hZHNcLzIwMTlcLzA2XC9LYXJ0dGEucG5nIn0%3D\">\n\t\t\t\t\t\t\t<img fetchpriority=\"high\" decoding=\"async\" width=\"300\" height=\"206\" src=\"https:\/\/unisigma.fi\/wp-content\/uploads\/2019\/06\/Kartta-300x206.png\" class=\"attachment-medium size-medium wp-image-421\" alt=\"\" srcset=\"https:\/\/unisigma.fi\/wp-content\/uploads\/2019\/06\/Kartta-300x206.png 300w, https:\/\/unisigma.fi\/wp-content\/uploads\/2019\/06\/Kartta-768x527.png 768w, https:\/\/unisigma.fi\/wp-content\/uploads\/2019\/06\/Kartta.png 853w\" sizes=\"(max-width: 300px) 100vw, 300px\" \/>\t\t\t\t\t\t\t\t<\/a>\n\t\t\t\t\t\t\t\t\t\t\t\t\t\t\t<\/div>\n\t\t\t\t<\/div>\n\t\t\t\t\t<\/div>\n\t\t<\/div>\n\t\t\t\t<div class=\"elementor-column elementor-col-50 elementor-top-column elementor-element elementor-element-6e70310\" data-id=\"6e70310\" data-element_type=\"column\" data-e-type=\"column\">\n\t\t\t<div class=\"elementor-widget-wrap elementor-element-populated\">\n\t\t\t\t\t\t<div class=\"elementor-element elementor-element-e100c88 elementor-widget elementor-widget-text-editor\" data-id=\"e100c88\" data-element_type=\"widget\" data-e-type=\"widget\" data-widget_type=\"text-editor.default\">\n\t\t\t\t<div class=\"elementor-widget-container\">\n\t\t\t\t\t\t\t\t\t<h2>Vankan kokemuksen kentt\u00e4mittauksista<\/h2><p>Yli 30 vuoden kokemuksemme on Suomen laajin kent\u00e4ll\u00e4 teht\u00e4vien venym\u00e4liuskamittauksien (in-situ strain gauge measurements) saralla. Se tarkoittaa monipuolista osaamista vaihtelevien kohteiden instrumentoinnissa, luotettavasti toimivien mittausten toteutuksessa ja ulkomailla toimimisen hallintaa.<\/p><p>Osaaminen ja ty\u00f6skentelyn luotettavuus korostuvat varsinkin silloin, kun esimerkiksi tuotantokatkosten tai k\u00e4ytett\u00e4v\u00e4ksi saamisen rajoitusten takia kentt\u00e4mittauksen tekemiseen on tarjolla vain yksi yritys. Instrumentointi on my\u00f6s pystytt\u00e4v\u00e4 toteuttamaan siten, ett\u00e4 mitattavalla laitteella voidaan ty\u00f6skennell\u00e4 normaalilla tavalla.<\/p>\t\t\t\t\t\t\t\t<\/div>\n\t\t\t\t<\/div>\n\t\t\t\t\t<\/div>\n\t\t<\/div>\n\t\t\t\t\t<\/div>\n\t\t<\/section>\n\t\t\t\t<section class=\"elementor-section elementor-top-section elementor-element elementor-element-5831f83 elementor-section-boxed elementor-section-height-default elementor-section-height-default\" data-id=\"5831f83\" data-element_type=\"section\" data-e-type=\"section\">\n\t\t\t\t\t\t<div class=\"elementor-container elementor-column-gap-default\">\n\t\t\t\t\t<div class=\"elementor-column elementor-col-50 elementor-top-column elementor-element elementor-element-721c2d0\" data-id=\"721c2d0\" data-element_type=\"column\" data-e-type=\"column\">\n\t\t\t<div class=\"elementor-widget-wrap elementor-element-populated\">\n\t\t\t\t\t\t<div class=\"elementor-element elementor-element-fac04af elementor-widget elementor-widget-image\" data-id=\"fac04af\" data-element_type=\"widget\" data-e-type=\"widget\" data-widget_type=\"image.default\">\n\t\t\t\t<div class=\"elementor-widget-container\">\n\t\t\t\t\t\t\t\t\t\t\t\t\t\t\t<img decoding=\"async\" width=\"300\" height=\"149\" src=\"https:\/\/unisigma.fi\/wp-content\/uploads\/2019\/06\/www_Juna-300x149.jpg\" class=\"attachment-medium size-medium wp-image-493\" alt=\"\" srcset=\"https:\/\/unisigma.fi\/wp-content\/uploads\/2019\/06\/www_Juna-300x149.jpg 300w, https:\/\/unisigma.fi\/wp-content\/uploads\/2019\/06\/www_Juna-768x381.jpg 768w, https:\/\/unisigma.fi\/wp-content\/uploads\/2019\/06\/www_Juna-1024x508.jpg 1024w, https:\/\/unisigma.fi\/wp-content\/uploads\/2019\/06\/www_Juna.jpg 1254w\" sizes=\"(max-width: 300px) 100vw, 300px\" \/>\t\t\t\t\t\t\t\t\t\t\t\t\t\t\t<\/div>\n\t\t\t\t<\/div>\n\t\t\t\t\t<\/div>\n\t\t<\/div>\n\t\t\t\t<div class=\"elementor-column elementor-col-50 elementor-top-column elementor-element elementor-element-fd3222f\" data-id=\"fd3222f\" data-element_type=\"column\" data-e-type=\"column\">\n\t\t\t<div class=\"elementor-widget-wrap elementor-element-populated\">\n\t\t\t\t\t\t<div class=\"elementor-element elementor-element-804d1b6 elementor-widget elementor-widget-text-editor\" data-id=\"804d1b6\" data-element_type=\"widget\" data-e-type=\"widget\" data-widget_type=\"text-editor.default\">\n\t\t\t\t<div class=\"elementor-widget-container\">\n\t\t\t\t\t\t\t\t\t<h2>Nopean liikkeellel\u00e4hd\u00f6n<\/h2><p>Toisinaan tarve mittauksille ilmaantuu lyhyell\u00e4 aikataululla tai jopa yll\u00e4tt\u00e4en, kuten esimerkiksi vauriotapauksissa. Tarvittaessa pystymme useimmiten aloittamaan valmistelut tai matkaanl\u00e4hd\u00f6n jo muutaman p\u00e4iv\u00e4n kuluttua yhteydenotosta, toisinaan jopa seuraavana p\u00e4iv\u00e4n\u00e4. Varastoimme jatkuvasti laajaa valikoimaa erilaisissa kohteissa tarvittavia venym\u00e4liuskoja.<\/p>\t\t\t\t\t\t\t\t<\/div>\n\t\t\t\t<\/div>\n\t\t\t\t\t<\/div>\n\t\t<\/div>\n\t\t\t\t\t<\/div>\n\t\t<\/section>\n\t\t\t\t<section class=\"elementor-section elementor-top-section elementor-element elementor-element-7f3cfcc elementor-section-boxed elementor-section-height-default elementor-section-height-default\" data-id=\"7f3cfcc\" data-element_type=\"section\" data-e-type=\"section\">\n\t\t\t\t\t\t<div class=\"elementor-container elementor-column-gap-default\">\n\t\t\t\t\t<div class=\"elementor-column elementor-col-50 elementor-top-column elementor-element elementor-element-fe58bca\" data-id=\"fe58bca\" data-element_type=\"column\" data-e-type=\"column\">\n\t\t\t<div class=\"elementor-widget-wrap elementor-element-populated\">\n\t\t\t\t\t\t<div class=\"elementor-element elementor-element-1ec8ee8 elementor-widget elementor-widget-image\" data-id=\"1ec8ee8\" data-element_type=\"widget\" data-e-type=\"widget\" data-widget_type=\"image.default\">\n\t\t\t\t<div class=\"elementor-widget-container\">\n\t\t\t\t\t\t\t\t\t\t\t\t\t\t\t<img decoding=\"async\" width=\"300\" height=\"270\" src=\"https:\/\/unisigma.fi\/wp-content\/uploads\/2019\/06\/www_Ty\u00f6ss\u00e4_1_pieni-300x270.jpg\" class=\"attachment-medium size-medium wp-image-464\" alt=\"\" srcset=\"https:\/\/unisigma.fi\/wp-content\/uploads\/2019\/06\/www_Ty\u00f6ss\u00e4_1_pieni-300x270.jpg 300w, https:\/\/unisigma.fi\/wp-content\/uploads\/2019\/06\/www_Ty\u00f6ss\u00e4_1_pieni.jpg 518w\" sizes=\"(max-width: 300px) 100vw, 300px\" \/>\t\t\t\t\t\t\t\t\t\t\t\t\t\t\t<\/div>\n\t\t\t\t<\/div>\n\t\t\t\t\t<\/div>\n\t\t<\/div>\n\t\t\t\t<div class=\"elementor-column elementor-col-50 elementor-top-column elementor-element elementor-element-93d954f\" data-id=\"93d954f\" data-element_type=\"column\" data-e-type=\"column\">\n\t\t\t<div class=\"elementor-widget-wrap elementor-element-populated\">\n\t\t\t\t\t\t<div class=\"elementor-element elementor-element-3066a91 elementor-widget elementor-widget-text-editor\" data-id=\"3066a91\" data-element_type=\"widget\" data-e-type=\"widget\" data-widget_type=\"text-editor.default\">\n\t\t\t\t<div class=\"elementor-widget-container\">\n\t\t\t\t\t\t\t\t\t<h2>Light organization and flexible operation<\/h2><p>Tarkoituksemme on kyet\u00e4 toteuttamaan mittausprojekti asiakkaan tarvitsemalla aikataululla. Kevyt organisaatiomme ja v\u00e4h\u00e4inen byrokratia nopeuttavat ja yksinkertaistavat toimimista kanssamme. Samasta syyst\u00e4 pystymme varsin joustavasti mukautumaan projektien muuttuviin aikatauluihin.<\/p>\t\t\t\t\t\t\t\t<\/div>\n\t\t\t\t<\/div>\n\t\t\t\t\t<\/div>\n\t\t<\/div>\n\t\t\t\t\t<\/div>\n\t\t<\/section>\n\t\t\t\t<section class=\"elementor-section elementor-top-section elementor-element elementor-element-6056fc5 elementor-section-boxed elementor-section-height-default elementor-section-height-default\" data-id=\"6056fc5\" data-element_type=\"section\" data-e-type=\"section\">\n\t\t\t\t\t\t<div class=\"elementor-container elementor-column-gap-default\">\n\t\t\t\t\t<div class=\"elementor-column elementor-col-50 elementor-top-column elementor-element elementor-element-9f116c5\" data-id=\"9f116c5\" data-element_type=\"column\" data-e-type=\"column\">\n\t\t\t<div class=\"elementor-widget-wrap elementor-element-populated\">\n\t\t\t\t\t\t<div class=\"elementor-element elementor-element-5247d6b elementor-widget elementor-widget-image\" data-id=\"5247d6b\" data-element_type=\"widget\" data-e-type=\"widget\" data-widget_type=\"image.default\">\n\t\t\t\t<div class=\"elementor-widget-container\">\n\t\t\t\t\t\t\t\t\t\t\t\t\t\t\t<img loading=\"lazy\" decoding=\"async\" width=\"300\" height=\"257\" src=\"https:\/\/unisigma.fi\/wp-content\/uploads\/2019\/06\/www_Mittalaite_1_pieni-300x257.jpg\" class=\"attachment-medium size-medium wp-image-479\" alt=\"\" srcset=\"https:\/\/unisigma.fi\/wp-content\/uploads\/2019\/06\/www_Mittalaite_1_pieni-300x257.jpg 300w, https:\/\/unisigma.fi\/wp-content\/uploads\/2019\/06\/www_Mittalaite_1_pieni-768x658.jpg 768w, https:\/\/unisigma.fi\/wp-content\/uploads\/2019\/06\/www_Mittalaite_1_pieni.jpg 793w\" sizes=\"(max-width: 300px) 100vw, 300px\" \/>\t\t\t\t\t\t\t\t\t\t\t\t\t\t\t<\/div>\n\t\t\t\t<\/div>\n\t\t\t\t\t<\/div>\n\t\t<\/div>\n\t\t\t\t<div class=\"elementor-column elementor-col-50 elementor-top-column elementor-element elementor-element-dc90eba\" data-id=\"dc90eba\" data-element_type=\"column\" data-e-type=\"column\">\n\t\t\t<div class=\"elementor-widget-wrap elementor-element-populated\">\n\t\t\t\t\t\t<div class=\"elementor-element elementor-element-e8b5852 elementor-widget elementor-widget-text-editor\" data-id=\"e8b5852\" data-element_type=\"widget\" data-e-type=\"widget\" data-widget_type=\"text-editor.default\">\n\t\t\t\t<div class=\"elementor-widget-container\">\n\t\t\t\t\t\t\t\t\t<h2>Kentt\u00e4mittauksiin soveltuvat mittalaitteet<\/h2><p>Dynaamisten ilmi\u00f6iden kentt\u00e4mittaukset, erityisesti ulkomailla teht\u00e4v\u00e4t, vaativat oikeanlaiset ja luotettavasti toimivat, pienikokoiset ja v\u00e4h\u00e4n s\u00e4hk\u00f6\u00e4 kuluttavat mittalaitteet ja muun instrumentoinnin. K\u00e4ytt\u00e4m\u00e4mme laitteet ja tarvikkeet on valittu n\u00e4iden vaatimusten mukaisesti ja ne ovat jo monissa t\u00f6iss\u00e4 koeteltuja ja testattuja. Mittalaitteemme kykenev\u00e4t itsen\u00e4iseen toimintaan ja mittausdatan tallennukseen. Yht\u00e4aikaisesti mitattavia antureita tai signaaleja voi enimmill\u00e4\u00e4n olla jopa useita kymmeni\u00e4.<\/p>\t\t\t\t\t\t\t\t<\/div>\n\t\t\t\t<\/div>\n\t\t\t\t\t<\/div>\n\t\t<\/div>\n\t\t\t\t\t<\/div>\n\t\t<\/section>\n\t\t\t\t<\/div>","protected":false},"excerpt":{"rendered":"<p>Vankan kokemuksen kentt\u00e4mittauksista Yli 30 vuoden kokemuksemme on Suomen laajin kent\u00e4ll\u00e4 teht\u00e4vien venym\u00e4liuskamittauksien (in-situ strain gauge measurements) saralla. Se tarkoittaa monipuolista osaamista vaihtelevien kohteiden instrumentoinnissa, luotettavasti toimivien mittausten toteutuksessa ja ulkomailla toimimisen hallintaa. Osaaminen ja ty\u00f6skentelyn luotettavuus korostuvat varsinkin silloin, kun esimerkiksi tuotantokatkosten tai k\u00e4ytett\u00e4v\u00e4ksi saamisen rajoitusten takia kentt\u00e4mittauksen tekemiseen on tarjolla vain yksi yritys. [&hellip;]<\/p>\n","protected":false},"author":2,"featured_media":0,"parent":0,"menu_order":0,"comment_status":"closed","ping_status":"closed","template":"","meta":{"footnotes":""},"class_list":["post-246","page","type-page","status-publish","hentry"],"_links":{"self":[{"href":"https:\/\/unisigma.fi\/en\/wp-json\/wp\/v2\/pages\/246","targetHints":{"allow":["GET"]}}],"collection":[{"href":"https:\/\/unisigma.fi\/en\/wp-json\/wp\/v2\/pages"}],"about":[{"href":"https:\/\/unisigma.fi\/en\/wp-json\/wp\/v2\/types\/page"}],"author":[{"embeddable":true,"href":"https:\/\/unisigma.fi\/en\/wp-json\/wp\/v2\/users\/2"}],"replies":[{"embeddable":true,"href":"https:\/\/unisigma.fi\/en\/wp-json\/wp\/v2\/comments?post=246"}],"version-history":[{"count":19,"href":"https:\/\/unisigma.fi\/en\/wp-json\/wp\/v2\/pages\/246\/revisions"}],"predecessor-version":[{"id":553,"href":"https:\/\/unisigma.fi\/en\/wp-json\/wp\/v2\/pages\/246\/revisions\/553"}],"wp:attachment":[{"href":"https:\/\/unisigma.fi\/en\/wp-json\/wp\/v2\/media?parent=246"}],"curies":[{"name":"wp","href":"https:\/\/api.w.org\/{rel}","templated":true}]}}