{"id":2,"date":"2019-04-09T16:54:51","date_gmt":"2019-04-09T16:54:51","guid":{"rendered":"https:\/\/unisigma.fi\/?page_id=2"},"modified":"2019-07-03T06:48:08","modified_gmt":"2019-07-03T03:48:08","slug":"about","status":"publish","type":"page","link":"https:\/\/unisigma.fi\/en\/","title":{"rendered":"Front page"},"content":{"rendered":"<div data-elementor-type=\"wp-page\" data-elementor-id=\"2\" class=\"elementor elementor-2\">\n\t\t\t\t\t\t<section class=\"elementor-section elementor-top-section elementor-element elementor-element-2322e15 elementor-section-full_width elementor-section-height-default elementor-section-height-default\" data-id=\"2322e15\" data-element_type=\"section\" data-e-type=\"section\">\n\t\t\t\t\t\t<div class=\"elementor-container elementor-column-gap-default\">\n\t\t\t\t\t<div class=\"elementor-column elementor-col-100 elementor-top-column elementor-element elementor-element-e74717d\" data-id=\"e74717d\" data-element_type=\"column\" data-e-type=\"column\">\n\t\t\t<div class=\"elementor-widget-wrap elementor-element-populated\">\n\t\t\t\t\t\t<section class=\"elementor-section elementor-inner-section elementor-element elementor-element-0852e79 elementor-section-boxed elementor-section-height-default elementor-section-height-default\" data-id=\"0852e79\" data-element_type=\"section\" data-e-type=\"section\">\n\t\t\t\t\t\t<div class=\"elementor-container elementor-column-gap-default\">\n\t\t\t\t\t<div class=\"elementor-column elementor-col-50 elementor-inner-column elementor-element elementor-element-ac2295e\" data-id=\"ac2295e\" data-element_type=\"column\" data-e-type=\"column\">\n\t\t\t<div class=\"elementor-widget-wrap elementor-element-populated\">\n\t\t\t\t\t\t<div class=\"elementor-element elementor-element-533380d elementor-widget elementor-widget-image\" data-id=\"533380d\" data-element_type=\"widget\" data-e-type=\"widget\" data-widget_type=\"image.default\">\n\t\t\t\t<div class=\"elementor-widget-container\">\n\t\t\t\t\t\t\t\t\t\t\t\t\t\t\t<img decoding=\"async\" src=\"https:\/\/unisigma.fi\/wp-content\/uploads\/elementor\/thumbs\/www_Sihdin_liuskoitus-o9u3c2uz804nvkt16wfsxdfb2bpsdds28v7cn9v3r8.jpg\" title=\"www_Sihdin_liuskoitus\" alt=\"www_Sihdin_liuskoitus\" loading=\"lazy\" \/>\t\t\t\t\t\t\t\t\t\t\t\t\t\t\t<\/div>\n\t\t\t\t<\/div>\n\t\t\t\t\t<\/div>\n\t\t<\/div>\n\t\t\t\t<div class=\"elementor-column elementor-col-50 elementor-inner-column elementor-element elementor-element-e9cc488\" data-id=\"e9cc488\" data-element_type=\"column\" data-e-type=\"column\">\n\t\t\t<div class=\"elementor-widget-wrap elementor-element-populated\">\n\t\t\t\t\t\t<div class=\"elementor-element elementor-element-b29573e elementor-widget elementor-widget-text-editor\" data-id=\"b29573e\" data-element_type=\"widget\" data-e-type=\"widget\" data-widget_type=\"text-editor.default\">\n\t\t\t\t<div class=\"elementor-widget-container\">\n\t\t\t\t\t\t\t\t\t<div id=\"wb_element_instance4\" class=\"wb_element wb_text_element\"><div id=\"wb_element_instance3\" class=\"wb_element wb_text_element\"><p>UniSigma Oy is an expert in demanding strain gauging of machines and equipment with over 30 years of experience.<\/p><p>We also provide training to build an independent and reliable measurement capability for your business.<\/p><\/div><\/div>\t\t\t\t\t\t\t\t<\/div>\n\t\t\t\t<\/div>\n\t\t\t\t\t<\/div>\n\t\t<\/div>\n\t\t\t\t\t<\/div>\n\t\t<\/section>\n\t\t\t\t\t<\/div>\n\t\t<\/div>\n\t\t\t\t\t<\/div>\n\t\t<\/section>\n\t\t\t\t<section class=\"elementor-section elementor-top-section elementor-element elementor-element-18ec65d elementor-section-boxed elementor-section-height-default elementor-section-height-default\" data-id=\"18ec65d\" data-element_type=\"section\" data-e-type=\"section\">\n\t\t\t\t\t\t<div class=\"elementor-container elementor-column-gap-default\">\n\t\t\t\t\t<div class=\"elementor-column elementor-col-33 elementor-top-column elementor-element elementor-element-b156ce2\" data-id=\"b156ce2\" data-element_type=\"column\" data-e-type=\"column\">\n\t\t\t<div class=\"elementor-widget-wrap elementor-element-populated\">\n\t\t\t\t\t\t<div class=\"elementor-element elementor-element-6f81c1e elementor-widget elementor-widget-text-editor\" data-id=\"6f81c1e\" data-element_type=\"widget\" data-e-type=\"widget\" data-widget_type=\"text-editor.default\">\n\t\t\t\t<div class=\"elementor-widget-container\">\n\t\t\t\t\t\t\t\t\t<h2 style=\"text-align: center;\"><a href=\"https:\/\/unisigma.fi\/en\/mita-unisigma-tekee\/\"><strong>What we do?<\/strong><\/a><\/h2>\t\t\t\t\t\t\t\t<\/div>\n\t\t\t\t<\/div>\n\t\t\t\t<div class=\"elementor-element elementor-element-0878fb9 elementor-widget elementor-widget-image\" data-id=\"0878fb9\" data-element_type=\"widget\" data-e-type=\"widget\" data-widget_type=\"image.default\">\n\t\t\t\t<div class=\"elementor-widget-container\">\n\t\t\t\t\t\t\t\t\t\t\t\t\t\t\t\t<a href=\"https:\/\/unisigma.fi\/en\/mita-unisigma-tekee\/\">\n\t\t\t\t\t\t\t<img decoding=\"async\" src=\"https:\/\/unisigma.fi\/wp-content\/uploads\/elementor\/thumbs\/www_Mit\u00e4Teemme_1-oa6j5dqk4cmxwp92lp3wq1u7o5pb8p3jgo1skhih98.jpg\" title=\"www_Mit\u00e4Teemme_1\" alt=\"www_Mit\u00e4Teemme_1\" loading=\"lazy\" \/>\t\t\t\t\t\t\t\t<\/a>\n\t\t\t\t\t\t\t\t\t\t\t\t\t\t\t<\/div>\n\t\t\t\t<\/div>\n\t\t\t\t<div class=\"elementor-element elementor-element-f9cd2f1 elementor-widget elementor-widget-text-editor\" data-id=\"f9cd2f1\" data-element_type=\"widget\" data-e-type=\"widget\" data-widget_type=\"text-editor.default\">\n\t\t\t\t<div class=\"elementor-widget-container\">\n\t\t\t\t\t\t\t\t\t<div id=\"wb_element_instance4\" class=\"wb_element wb_text_element\"><div id=\"wb_element_instance3\" class=\"wb_element wb_text_element translation-block\" style=\"text-align: center;\">We carry a wide variety of destinations\nfield measurements of in-service stresses\nespecially using strain gauges.\nOur extensive and long experience gives us confidence in destinations where the measurement must be successful in a single operation.\nThe implementation and the sensors to be used are designed on a case by case basis with the customer.\nInstallations and measurements can take place equally well in Finland or abroad.<\/div><\/div>\t\t\t\t\t\t\t\t<\/div>\n\t\t\t\t<\/div>\n\t\t\t\t\t<\/div>\n\t\t<\/div>\n\t\t\t\t<div class=\"elementor-column elementor-col-33 elementor-top-column elementor-element elementor-element-5c0e795\" data-id=\"5c0e795\" data-element_type=\"column\" data-e-type=\"column\">\n\t\t\t<div class=\"elementor-widget-wrap elementor-element-populated\">\n\t\t\t\t\t\t<div class=\"elementor-element elementor-element-0b04428 elementor-widget elementor-widget-text-editor\" data-id=\"0b04428\" data-element_type=\"widget\" data-e-type=\"widget\" data-widget_type=\"text-editor.default\">\n\t\t\t\t<div class=\"elementor-widget-container\">\n\t\t\t\t\t\t\t\t\t<h2 style=\"text-align: center;\"><a href=\"https:\/\/unisigma.fi\/en\/miksi-mittauksia-tehdaan\/\"><strong>Why measures are done?<\/strong><\/a><\/h2>\t\t\t\t\t\t\t\t<\/div>\n\t\t\t\t<\/div>\n\t\t\t\t<div class=\"elementor-element elementor-element-ec78354 elementor-widget elementor-widget-image\" data-id=\"ec78354\" data-element_type=\"widget\" data-e-type=\"widget\" data-widget_type=\"image.default\">\n\t\t\t\t<div class=\"elementor-widget-container\">\n\t\t\t\t\t\t\t\t\t\t\t\t\t\t\t\t<a href=\"https:\/\/unisigma.fi\/en\/miksi-mittauksia-tehdaan\/\">\n\t\t\t\t\t\t\t<img decoding=\"async\" src=\"https:\/\/unisigma.fi\/wp-content\/uploads\/elementor\/thumbs\/www_Rengas_pieni-o9u3citzmoeayxp53d8jc3d9njd1v2eodtrniw2jto.jpg\" title=\"www_Rengas_pieni\" alt=\"www_Rengas_pieni\" loading=\"lazy\" \/>\t\t\t\t\t\t\t\t<\/a>\n\t\t\t\t\t\t\t\t\t\t\t\t\t\t\t<\/div>\n\t\t\t\t<\/div>\n\t\t\t\t<div class=\"elementor-element elementor-element-4aa64ed elementor-widget elementor-widget-text-editor\" data-id=\"4aa64ed\" data-element_type=\"widget\" data-e-type=\"widget\" data-widget_type=\"text-editor.default\">\n\t\t\t\t<div class=\"elementor-widget-container\">\n\t\t\t\t\t\t\t\t\t<p style=\"text-align: center;\">Information about actual loads<\/p><p style=\"text-align: center;\">Knowledge of your own product<\/p><p style=\"text-align: center;\">Clarity of causes of damage<\/p><p style=\"text-align: center;\">Assured planning<\/p>\t\t\t\t\t\t\t\t<\/div>\n\t\t\t\t<\/div>\n\t\t\t\t\t<\/div>\n\t\t<\/div>\n\t\t\t\t<div class=\"elementor-column elementor-col-33 elementor-top-column elementor-element elementor-element-5b1074e\" data-id=\"5b1074e\" data-element_type=\"column\" data-e-type=\"column\">\n\t\t\t<div class=\"elementor-widget-wrap elementor-element-populated\">\n\t\t\t\t\t\t<div class=\"elementor-element elementor-element-c39e4a8 elementor-widget elementor-widget-text-editor\" data-id=\"c39e4a8\" data-element_type=\"widget\" data-e-type=\"widget\" data-widget_type=\"text-editor.default\">\n\t\t\t\t<div class=\"elementor-widget-container\">\n\t\t\t\t\t\t\t\t\t<h2 style=\"text-align: center;\"><a href=\"https:\/\/unisigma.fi\/en\/mita-tarjoamme\/\"><strong>What we offer?<\/strong><\/a><\/h2>\t\t\t\t\t\t\t\t<\/div>\n\t\t\t\t<\/div>\n\t\t\t\t<div class=\"elementor-element elementor-element-3304ca1 elementor-widget elementor-widget-image\" data-id=\"3304ca1\" data-element_type=\"widget\" data-e-type=\"widget\" data-widget_type=\"image.default\">\n\t\t\t\t<div class=\"elementor-widget-container\">\n\t\t\t\t\t\t\t\t\t\t\t\t\t\t\t\t<a href=\"https:\/\/unisigma.fi\/en\/mita-tarjoamme\/\">\n\t\t\t\t\t\t\t<img decoding=\"async\" src=\"https:\/\/unisigma.fi\/wp-content\/uploads\/elementor\/thumbs\/www_Materiaalikone_pieni-o9u3cgyb90bqbprvecfa73ucgrmbfo77pkgokc5c64.jpg\" title=\"www_Materiaalikone_pieni\" alt=\"www_Materiaalikone_pieni\" loading=\"lazy\" \/>\t\t\t\t\t\t\t\t<\/a>\n\t\t\t\t\t\t\t\t\t\t\t\t\t\t\t<\/div>\n\t\t\t\t<\/div>\n\t\t\t\t<div class=\"elementor-element elementor-element-2a9a859 elementor-widget elementor-widget-text-editor\" data-id=\"2a9a859\" data-element_type=\"widget\" data-e-type=\"widget\" data-widget_type=\"text-editor.default\">\n\t\t\t\t<div class=\"elementor-widget-container\">\n\t\t\t\t\t\t\t\t\t<p style=\"text-align: center;\" class=\"translation-block\">Solid experience in field measurements, also abroad<\/p><p style=\"text-align: center;\">Fast start-up and reliable implementation<\/p><p style=\"text-align: center;\">Light organization and flexible operation<\/p><p style=\"text-align: center;\">Collaboration partners for further analysis<\/p>\t\t\t\t\t\t\t\t<\/div>\n\t\t\t\t<\/div>\n\t\t\t\t\t<\/div>\n\t\t<\/div>\n\t\t\t\t\t<\/div>\n\t\t<\/section>\n\t\t\t\t<\/div>","protected":false},"excerpt":{"rendered":"<p>UniSigma Oy on koneiden ja laitteiden vaativien venym\u00e4liuskamittausten asiantuntija jo yli 30 vuoden kokemuksella. Annamme my\u00f6s koulutusta, jolla yritykseenne voidaan luoda itsen\u00e4inen ja luotettava mittauskyky. Mit\u00e4 teemme? Toteutamme monenlaisten kohteidenk\u00e4yt\u00f6naikaisten rasitusten kentt\u00e4mittauksiaerityisesti venym\u00e4liuskoja k\u00e4ytt\u00e4en.Laaja ja pitk\u00e4 kokemuksemme antaa varmuuttakohteisiin, joissa mittauksen on onnistuttava yhdell\u00e4 suorituksella.Toteutustapa ja k\u00e4ytett\u00e4v\u00e4t anturit suunnitellaantapauskohtaisesti yhdess\u00e4 asiakkaan kanssa.Asennukset ja mittaukset voivat [&hellip;]<\/p>\n","protected":false},"author":1,"featured_media":0,"parent":0,"menu_order":0,"comment_status":"closed","ping_status":"open","template":"","meta":{"footnotes":""},"class_list":["post-2","page","type-page","status-publish","hentry"],"_links":{"self":[{"href":"https:\/\/unisigma.fi\/en\/wp-json\/wp\/v2\/pages\/2","targetHints":{"allow":["GET"]}}],"collection":[{"href":"https:\/\/unisigma.fi\/en\/wp-json\/wp\/v2\/pages"}],"about":[{"href":"https:\/\/unisigma.fi\/en\/wp-json\/wp\/v2\/types\/page"}],"author":[{"embeddable":true,"href":"https:\/\/unisigma.fi\/en\/wp-json\/wp\/v2\/users\/1"}],"replies":[{"embeddable":true,"href":"https:\/\/unisigma.fi\/en\/wp-json\/wp\/v2\/comments?post=2"}],"version-history":[{"count":89,"href":"https:\/\/unisigma.fi\/en\/wp-json\/wp\/v2\/pages\/2\/revisions"}],"predecessor-version":[{"id":550,"href":"https:\/\/unisigma.fi\/en\/wp-json\/wp\/v2\/pages\/2\/revisions\/550"}],"wp:attachment":[{"href":"https:\/\/unisigma.fi\/en\/wp-json\/wp\/v2\/media?parent=2"}],"curies":[{"name":"wp","href":"https:\/\/api.w.org\/{rel}","templated":true}]}}